{"id":5107,"date":"2023-01-05T09:56:04","date_gmt":"2023-01-05T08:56:04","guid":{"rendered":"https:\/\/old.masalto.be\/over-ons\/kwaliteit\/"},"modified":"2024-06-27T14:15:31","modified_gmt":"2024-06-27T12:15:31","slug":"kwaliteit","status":"publish","type":"page","link":"https:\/\/old.masalto.be\/nl\/over-ons\/kwaliteit\/","title":{"rendered":"Kwaliteit"},"content":{"rendered":"\t\t<div data-elementor-type=\"wp-page\" data-elementor-id=\"5107\" class=\"elementor elementor-5107 elementor-763\" data-elementor-post-type=\"page\">\n\t\t\t\t<div class=\"elementor-element elementor-element-8361f57 e-flex e-con-boxed e-con e-parent\" data-id=\"8361f57\" data-element_type=\"container\" data-e-type=\"container\" data-settings=\"{&quot;background_background&quot;:&quot;classic&quot;,&quot;jet_parallax_layout_list&quot;:[]}\">\n\t\t\t\t\t<div class=\"e-con-inner\">\n\t\t\t\t<div class=\"elementor-element elementor-element-9967254 elementor-widget elementor-widget-spacer\" data-id=\"9967254\" data-element_type=\"widget\" data-e-type=\"widget\" data-widget_type=\"spacer.default\">\n\t\t\t\t<div class=\"elementor-widget-container\">\n\t\t\t\t\t\t\t<div class=\"elementor-spacer\">\n\t\t\t<div class=\"elementor-spacer-inner\"><\/div>\n\t\t<\/div>\n\t\t\t\t\t\t<\/div>\n\t\t\t\t<\/div>\n\t\t\t\t<div class=\"elementor-element elementor-element-6671c85 elementor-widget elementor-widget-heading\" data-id=\"6671c85\" data-element_type=\"widget\" data-e-type=\"widget\" data-widget_type=\"heading.default\">\n\t\t\t\t<div class=\"elementor-widget-container\">\n\t\t\t\t\t<h2 class=\"elementor-heading-title elementor-size-default\">EEN MIX VAN UITZONDERLIJKE OORSPRONG<\/h2>\t\t\t\t<\/div>\n\t\t\t\t<\/div>\n\t\t\t\t<div class=\"elementor-element elementor-element-94bf39b elementor-widget__width-initial elementor-widget elementor-widget-text-editor\" data-id=\"94bf39b\" data-element_type=\"widget\" data-e-type=\"widget\" data-widget_type=\"text-editor.default\">\n\t\t\t\t<div class=\"elementor-widget-container\">\n\t\t\t\t\t\t\t\t\t<p>M\u00e1salto streeft ernaar om de allerbeste uitzonderlijke koffiebonen aan te bieden. Elke slok onthult unieke, rijke en evenwichtige aroma&#8217;s, het resultaat van een rigoureuze aanpak tijdens het hele productieproces, van het planten tot het roosteren. Met M\u00e1salto koffie willen we een onge\u00ebvenaarde koffie-ervaring cre\u00ebren, waarbij we ervoor zorgen dat elke boon zorgvuldig wordt geselecteerd om elke keer weer een uitzonderlijke smaaksensatie te leveren.<\/p>\n\t\t\t\t\t\t\t\t<\/div>\n\t\t\t\t<\/div>\n\t\t\t\t<div class=\"elementor-element elementor-element-9c849ad elementor-widget elementor-widget-button\" data-id=\"9c849ad\" data-element_type=\"widget\" data-e-type=\"widget\" data-widget_type=\"button.default\">\n\t\t\t\t<div class=\"elementor-widget-container\">\n\t\t\t\t\t\t\t\t\t<div class=\"elementor-button-wrapper\">\n\t\t\t\t\t<a class=\"elementor-button elementor-button-link elementor-size-sm\" href=\"https:\/\/old.masalto.be\/nl\/koffie-bestellen\/\">\n\t\t\t\t\t\t<span class=\"elementor-button-content-wrapper\">\n\t\t\t\t\t\t\t\t\t<span class=\"elementor-button-text\">NU KOPEN<\/span>\n\t\t\t\t\t<\/span>\n\t\t\t\t\t<\/a>\n\t\t\t\t<\/div>\n\t\t\t\t\t\t\t\t<\/div>\n\t\t\t\t<\/div>\n\t\t\t\t<div class=\"elementor-element elementor-element-76f9e4a elementor-widget elementor-widget-spacer\" data-id=\"76f9e4a\" data-element_type=\"widget\" data-e-type=\"widget\" data-widget_type=\"spacer.default\">\n\t\t\t\t<div class=\"elementor-widget-container\">\n\t\t\t\t\t\t\t<div class=\"elementor-spacer\">\n\t\t\t<div class=\"elementor-spacer-inner\"><\/div>\n\t\t<\/div>\n\t\t\t\t\t\t<\/div>\n\t\t\t\t<\/div>\n\t\t\t\t\t<\/div>\n\t\t\t\t<\/div>\n\t\t<div class=\"elementor-element elementor-element-ff8373e e-flex e-con-boxed e-con e-parent\" data-id=\"ff8373e\" data-element_type=\"container\" data-e-type=\"container\" data-settings=\"{&quot;jet_parallax_layout_list&quot;:[]}\">\n\t\t\t\t\t<div class=\"e-con-inner\">\n\t\t\t\t<div class=\"elementor-element elementor-element-3d0f369 elementor-widget elementor-widget-heading\" data-id=\"3d0f369\" data-element_type=\"widget\" data-e-type=\"widget\" data-widget_type=\"heading.default\">\n\t\t\t\t<div class=\"elementor-widget-container\">\n\t\t\t\t\t<h2 class=\"elementor-heading-title elementor-size-default\">Wat is een \"Specialty Coffee\"?<\/h2>\t\t\t\t<\/div>\n\t\t\t\t<\/div>\n\t\t\t\t<div class=\"elementor-element elementor-element-540f4d2 elementor-widget-divider--view-line elementor-widget elementor-widget-divider\" data-id=\"540f4d2\" data-element_type=\"widget\" data-e-type=\"widget\" data-widget_type=\"divider.default\">\n\t\t\t\t<div class=\"elementor-widget-container\">\n\t\t\t\t\t\t\t<div class=\"elementor-divider\">\n\t\t\t<span class=\"elementor-divider-separator\">\n\t\t\t\t\t\t<\/span>\n\t\t<\/div>\n\t\t\t\t\t\t<\/div>\n\t\t\t\t<\/div>\n\t\t\t\t<div class=\"elementor-element elementor-element-1af638e elementor-widget elementor-widget-text-editor\" data-id=\"1af638e\" data-element_type=\"widget\" data-e-type=\"widget\" data-widget_type=\"text-editor.default\">\n\t\t\t\t<div class=\"elementor-widget-container\">\n\t\t\t\t\t\t\t\t\t<div id=\"idTextPanel\" class=\"jqDnR\">\n<p>M\u00e1salto koffie is een melange van Specialty Coffee, ook wel bekend als caf\u00e9 de sp\u00e9cialit\u00e9 of caf\u00e9 gourmet. Deze aanduiding, een garantie voor uitmuntendheid en superieure kwaliteit, wordt toegekend aan een koffie die meer dan 80 van de 100 punten scoort in een zorgvuldige proeverij die wordt uitgevoerd door een of meer erkende Q Grader(s). Deze score is het resultaat van een strenge evaluatie op basis van veeleisende criteria zoals de grootte van de bonen, hun kleur, hun aromaprofiel en de methoden die worden gebruikt om de koffie te telen en te oogsten. Ontdek het ultieme genot van de beste koffiebonen met de M\u00e1salto ervaring.<\/p>\n<\/div>\n\t\t\t\t\t\t\t\t<\/div>\n\t\t\t\t<\/div>\n\t\t\t\t\t<\/div>\n\t\t\t\t<\/div>\n\t\t<div class=\"elementor-element elementor-element-c159b0b e-con-full e-flex e-con e-parent\" data-id=\"c159b0b\" data-element_type=\"container\" data-e-type=\"container\" data-settings=\"{&quot;jet_parallax_layout_list&quot;:[]}\">\n\t\t<div class=\"elementor-element elementor-element-b68f0d3 e-flex e-con-boxed e-con e-child\" data-id=\"b68f0d3\" data-element_type=\"container\" data-e-type=\"container\" data-settings=\"{&quot;background_background&quot;:&quot;classic&quot;,&quot;jet_parallax_layout_list&quot;:[]}\">\n\t\t\t\t\t<div class=\"e-con-inner\">\n\t\t\t\t\t<\/div>\n\t\t\t\t<\/div>\n\t\t<div class=\"elementor-element elementor-element-3c4d62d e-flex e-con-boxed e-con e-child\" data-id=\"3c4d62d\" data-element_type=\"container\" data-e-type=\"container\" data-settings=\"{&quot;background_background&quot;:&quot;classic&quot;,&quot;jet_parallax_layout_list&quot;:[]}\">\n\t\t\t\t\t<div class=\"e-con-inner\">\n\t\t\t\t<div class=\"elementor-element elementor-element-bf4cbac elementor-widget elementor-widget-heading\" data-id=\"bf4cbac\" data-element_type=\"widget\" data-e-type=\"widget\" data-widget_type=\"heading.default\">\n\t\t\t\t<div class=\"elementor-widget-container\">\n\t\t\t\t\t<h2 class=\"elementor-heading-title elementor-size-default\">Een unieke smaak<\/h2>\t\t\t\t<\/div>\n\t\t\t\t<\/div>\n\t\t\t\t<div class=\"elementor-element elementor-element-3297536 elementor-widget elementor-widget-text-editor\" data-id=\"3297536\" data-element_type=\"widget\" data-e-type=\"widget\" data-widget_type=\"text-editor.default\">\n\t\t\t\t<div class=\"elementor-widget-container\">\n\t\t\t\t\t\t\t\t\t<div class=\"page\" title=\"Pagina 1\">\n<div class=\"section\">\n<div class=\"layoutArea\">\n<div class=\"column\">\n<div class=\"page\" title=\"Pagina 1\">\n<div class=\"section\">\n<div class=\"layoutArea\">\n<div class=\"column\">\n<p>Het aanbieden van kwaliteitskoffie staat centraal in onze aanpak. Om deze intense, smaakvolle smaak te bereiken, gebruiken we de beste 100% Arabica koffiebonen die op grote hoogte (meer dan 1.200 meter) in een tropisch klimaat onder een bos worden verbouwd. M\u00e1salto, gecertifieerd als Specialty Coffee, heeft een uniek en superieur karakter met een evenwichtige, rijke en harmonieuze smaak en aroma&#8217;s van fruit, chocolade en toast.<\/p>\n<\/div>\n<\/div>\n<\/div>\n<\/div>\n<\/div>\n<\/div>\n<\/div>\n<\/div>\n\t\t\t\t\t\t\t\t<\/div>\n\t\t\t\t<\/div>\n\t\t\t\t\t<\/div>\n\t\t\t\t<\/div>\n\t\t\t\t<\/div>\n\t\t<div class=\"elementor-element elementor-element-4c98d12 e-con-full e-flex e-con e-parent\" data-id=\"4c98d12\" data-element_type=\"container\" data-e-type=\"container\" data-settings=\"{&quot;jet_parallax_layout_list&quot;:[]}\">\n\t\t<div class=\"elementor-element elementor-element-cdd6d05 e-flex e-con-boxed e-con e-child\" data-id=\"cdd6d05\" data-element_type=\"container\" data-e-type=\"container\" data-settings=\"{&quot;background_background&quot;:&quot;classic&quot;,&quot;jet_parallax_layout_list&quot;:[]}\">\n\t\t\t\t\t<div class=\"e-con-inner\">\n\t\t\t\t<div class=\"elementor-element elementor-element-633c63c elementor-widget elementor-widget-heading\" data-id=\"633c63c\" data-element_type=\"widget\" data-e-type=\"widget\" data-widget_type=\"heading.default\">\n\t\t\t\t<div class=\"elementor-widget-container\">\n\t\t\t\t\t<h2 class=\"elementor-heading-title elementor-size-default\">Een transparante aanpak  <\/h2>\t\t\t\t<\/div>\n\t\t\t\t<\/div>\n\t\t\t\t<div class=\"elementor-element elementor-element-fdd938a elementor-widget elementor-widget-text-editor\" data-id=\"fdd938a\" data-element_type=\"widget\" data-e-type=\"widget\" data-widget_type=\"text-editor.default\">\n\t\t\t\t<div class=\"elementor-widget-container\">\n\t\t\t\t\t\t\t\t\t<div class=\"page\" title=\"Pagina 1\">\n<div class=\"section\">\n<div class=\"layoutArea\">\n<div class=\"column\">\n<div class=\"page\" title=\"Pagina 1\">\n<div class=\"section\">\n<div class=\"layoutArea\">\n<div class=\"column\">\n<p>Een koffie is pas &#8216;Specialty Coffee&#8217; als hij 100 % traceerbaar is en de productieketen volledig transparant is, zowel wat betreft de herkomst (de precieze regio of zelfs de plantage) als de behandeling van de bonen na de oogst. Zo vindt u op de verpakking van M\u00e1salto informatie die u amper zult terugvinden op koffie uit de supermarkt.<\/p>\n<\/div>\n<\/div>\n<\/div>\n<\/div>\n<\/div>\n<\/div>\n<\/div>\n<\/div>\n\t\t\t\t\t\t\t\t<\/div>\n\t\t\t\t<\/div>\n\t\t\t\t\t<\/div>\n\t\t\t\t<\/div>\n\t\t<div class=\"elementor-element elementor-element-d14d469 e-flex e-con-boxed e-con e-child\" data-id=\"d14d469\" data-element_type=\"container\" data-e-type=\"container\" data-settings=\"{&quot;background_background&quot;:&quot;classic&quot;,&quot;jet_parallax_layout_list&quot;:[]}\">\n\t\t\t\t\t<div class=\"e-con-inner\">\n\t\t\t\t\t<\/div>\n\t\t\t\t<\/div>\n\t\t\t\t<\/div>\n\t\t<div class=\"elementor-element elementor-element-90b9937 e-flex e-con-boxed e-con e-parent\" data-id=\"90b9937\" data-element_type=\"container\" data-e-type=\"container\" data-settings=\"{&quot;jet_parallax_layout_list&quot;:[]}\">\n\t\t\t\t\t<div class=\"e-con-inner\">\n\t\t\t\t<div class=\"elementor-element elementor-element-f700db6 elementor-blockquote--skin-quotation elementor-blockquote--align-center elementor-widget elementor-widget-blockquote\" data-id=\"f700db6\" data-element_type=\"widget\" data-e-type=\"widget\" data-widget_type=\"blockquote.default\">\n\t\t\t\t<div class=\"elementor-widget-container\">\n\t\t\t\t\t\t\t<blockquote class=\"elementor-blockquote\">\n\t\t\t<p class=\"elementor-blockquote__content\">\n\t\t\t\tkwaliteit betekent eerlijkheid. Tegenwoordig is rechtstreeks kopen bij de producent nog de enige manier om zeker te zijn van koffie van topkwaliteit. Onze hooglandkoffies zijn duurder omdat ze veel arbeid en zorg vergen, maar de kwaliteit ervan is tenminste gewaarborgd en de telers worden eerlijk vergoed.\t\t\t<\/p>\n\t\t\t\t\t<\/blockquote>\n\t\t\t\t\t\t<\/div>\n\t\t\t\t<\/div>\n\t\t\t\t\t<\/div>\n\t\t\t\t<\/div>\n\t\t<div class=\"elementor-element elementor-element-e429db2 e-con-full e-flex e-con e-parent\" data-id=\"e429db2\" data-element_type=\"container\" data-e-type=\"container\" data-settings=\"{&quot;jet_parallax_layout_list&quot;:[]}\">\n\t\t\t\t<div class=\"elementor-element elementor-element-01a2852 elementor-widget elementor-widget-image\" data-id=\"01a2852\" data-element_type=\"widget\" data-e-type=\"widget\" data-widget_type=\"image.default\">\n\t\t\t\t<div class=\"elementor-widget-container\">\n\t\t\t\t\t\t\t\t\t\t\t\t\t\t\t<img fetchpriority=\"high\" decoding=\"async\" width=\"800\" height=\"534\" src=\"https:\/\/old.masalto.be\/wp-content\/uploads\/2023\/01\/iStock_000062460144_Double-1024x683.jpg\" class=\"attachment-large size-large wp-image-4785\" alt=\"Meilleur caf\u00e9 en grain\" srcset=\"https:\/\/old.masalto.be\/wp-content\/uploads\/2023\/01\/iStock_000062460144_Double-1024x683.jpg 1024w, https:\/\/old.masalto.be\/wp-content\/uploads\/2023\/01\/iStock_000062460144_Double-300x200.jpg 300w, https:\/\/old.masalto.be\/wp-content\/uploads\/2023\/01\/iStock_000062460144_Double-768x512.jpg 768w, https:\/\/old.masalto.be\/wp-content\/uploads\/2023\/01\/iStock_000062460144_Double-1536x1024.jpg 1536w, https:\/\/old.masalto.be\/wp-content\/uploads\/2023\/01\/iStock_000062460144_Double-2048x1365.jpg 2048w, https:\/\/old.masalto.be\/wp-content\/uploads\/2023\/01\/iStock_000062460144_Double-1320x880.jpg 1320w, https:\/\/old.masalto.be\/wp-content\/uploads\/2023\/01\/iStock_000062460144_Double-600x400.jpg 600w\" sizes=\"(max-width: 800px) 100vw, 800px\" \/>\t\t\t\t\t\t\t\t\t\t\t\t\t\t\t<\/div>\n\t\t\t\t<\/div>\n\t\t\t\t<\/div>\n\t\t<div class=\"elementor-element elementor-element-b8fb21a e-flex e-con-boxed e-con e-parent\" data-id=\"b8fb21a\" data-element_type=\"container\" data-e-type=\"container\" data-settings=\"{&quot;background_background&quot;:&quot;classic&quot;,&quot;jet_parallax_layout_list&quot;:[]}\">\n\t\t\t\t\t<div class=\"e-con-inner\">\n\t\t\t\t<div class=\"elementor-element elementor-element-25f5e3e elementor-widget elementor-widget-heading\" data-id=\"25f5e3e\" data-element_type=\"widget\" data-e-type=\"widget\" data-widget_type=\"heading.default\">\n\t\t\t\t<div class=\"elementor-widget-container\">\n\t\t\t\t\t<h2 class=\"elementor-heading-title elementor-size-default\">Onvergelijkbare kwaliteit  <\/h2>\t\t\t\t<\/div>\n\t\t\t\t<\/div>\n\t\t\t\t<div class=\"elementor-element elementor-element-3f937b4 elementor-widget-divider--view-line elementor-widget elementor-widget-divider\" data-id=\"3f937b4\" data-element_type=\"widget\" data-e-type=\"widget\" data-widget_type=\"divider.default\">\n\t\t\t\t<div class=\"elementor-widget-container\">\n\t\t\t\t\t\t\t<div class=\"elementor-divider\">\n\t\t\t<span class=\"elementor-divider-separator\">\n\t\t\t\t\t\t<\/span>\n\t\t<\/div>\n\t\t\t\t\t\t<\/div>\n\t\t\t\t<\/div>\n\t\t\t\t<div class=\"elementor-element elementor-element-d3bce59 elementor-widget__width-initial elementor-widget elementor-widget-text-editor\" data-id=\"d3bce59\" data-element_type=\"widget\" data-e-type=\"widget\" data-widget_type=\"text-editor.default\">\n\t\t\t\t<div class=\"elementor-widget-container\">\n\t\t\t\t\t\t\t\t\t<div id=\"idTextPanel\" class=\"jqDnR\">\n<p>M\u00e1salto&#8217;s streven naar uitmuntendheid wordt weerspiegeld in elk aspect van het project, waar ethiek, menselijkheid, milieu en kwaliteit voorop staan. We veranderen voortdurend het percentage en de herkomst van onze blend, waardoor we een consistente smaak cre\u00ebren, perfect in balans tussen zuurte en bitterheid.<\/p>\n<\/p>\n<p>Elke fase in de creatie van onze unieke melanges getuigt van onze nauwgezetheid. We gebruiken alleen de beste arabica&#8217;s die voldoen aan uiterst precieze criteria. De groene koffiebonen worden zorgvuldig met de hand geoogst door lokale boeren en worden geselecteerd volgens de ideale maatstaven. Met M\u00e1salto wordt het kiezen van de beste koffiebonen een proefervaring die de expertise, kwaliteit en waarden viert die de kern vormen van onze aanpak.<\/p>\n<\/div>\n\t\t\t\t\t\t\t\t<\/div>\n\t\t\t\t<\/div>\n\t\t\t\t\t<\/div>\n\t\t\t\t<\/div>\n\t\t<div class=\"elementor-element elementor-element-0370b67 e-con-full e-flex e-con e-parent\" data-id=\"0370b67\" data-element_type=\"container\" data-e-type=\"container\" data-settings=\"{&quot;jet_parallax_layout_list&quot;:[]}\">\n\t\t<div class=\"elementor-element elementor-element-a164b00 e-flex e-con-boxed e-con e-child\" data-id=\"a164b00\" data-element_type=\"container\" data-e-type=\"container\" data-settings=\"{&quot;background_background&quot;:&quot;classic&quot;,&quot;jet_parallax_layout_list&quot;:[]}\">\n\t\t\t\t\t<div class=\"e-con-inner\">\n\t\t\t\t<div class=\"elementor-element elementor-element-91f2f06 elementor-widget elementor-widget-heading\" data-id=\"91f2f06\" data-element_type=\"widget\" data-e-type=\"widget\" data-widget_type=\"heading.default\">\n\t\t\t\t<div class=\"elementor-widget-container\">\n\t\t\t\t\t<h2 class=\"elementor-heading-title elementor-size-default\">m\u00e1salto klassiek<\/h2>\t\t\t\t<\/div>\n\t\t\t\t<\/div>\n\t\t\t\t<div class=\"elementor-element elementor-element-233eec2 elementor-widget elementor-widget-text-editor\" data-id=\"233eec2\" data-element_type=\"widget\" data-e-type=\"widget\" data-widget_type=\"text-editor.default\">\n\t\t\t\t<div class=\"elementor-widget-container\">\n\t\t\t\t\t\t\t\t\t<div class=\"page\" title=\"Pagina 1\">\n<div class=\"section\">\n<div class=\"layoutArea\">\n<div class=\"column\">\n<div class=\"page\" title=\"Pagina 1\">\n<div class=\"section\">\n<div class=\"layoutArea\">\n<div class=\"column\">\n<p><span style=\"background-color: var( --e-global-color-1a44075 ); color: var( --e-global-color-primary ); text-align: var(--text-align);\">Het klassieke mengsel ontwikkelden we als eerste. Het bevat bonen van 7 uitzonderlijke origines met een beoordeling tussen 82 en 85 door de Q-Graders. Rijk van smaak, met een ideale body, diepte van smaak en een perfecte balans van tropisch fruit, chocolade en nootachtige aroma&#8217;s.<\/span><\/p>\n<\/div>\n<\/div>\n<\/div>\n<\/div>\n<\/div>\n<\/div>\n<\/div>\n<\/div>\t\t\t\t\t\t\t\t<\/div>\n\t\t\t\t<\/div>\n\t\t\t\t<div class=\"elementor-element elementor-element-147c5ba elementor-widget elementor-widget-heading\" data-id=\"147c5ba\" data-element_type=\"widget\" data-e-type=\"widget\" data-widget_type=\"heading.default\">\n\t\t\t\t<div class=\"elementor-widget-container\">\n\t\t\t\t\t<h2 class=\"elementor-heading-title elementor-size-default\">m\u00e1salto <font color=\"#79c142\">BIO<\/font><\/h2>\t\t\t\t<\/div>\n\t\t\t\t<\/div>\n\t\t\t\t<div class=\"elementor-element elementor-element-93c29d8 elementor-widget elementor-widget-text-editor\" data-id=\"93c29d8\" data-element_type=\"widget\" data-e-type=\"widget\" data-widget_type=\"text-editor.default\">\n\t\t\t\t<div class=\"elementor-widget-container\">\n\t\t\t\t\t\t\t\t\t<div class=\"page\" title=\"Pagina 1\">\n<div class=\"section\">\n<div class=\"layoutArea\">\n<div class=\"column\">\n<div class=\"page\" title=\"Pagina 1\">\n<div class=\"section\">\n<div class=\"layoutArea\">\n<div class=\"column\">\n<p>De M\u00e1salto BIO blend, geteeld op grond vrij van chemicali\u00ebn, bestaat uit &#8216;Specialty Coffees&#8217; van drie uitzonderlijke origines die van Q Graders een score tussen 82 en 87 kregen. Hij heeft een ideale body, een gecontroleerde zuurgraad en een perfect evenwicht van aroma&#8217;s van vanille, rozenthee en koffiebloesem.<\/p>\n<\/div>\n<\/div>\n<\/div>\n<\/div>\n<\/div>\n<\/div>\n<\/div>\n<\/div>\n\t\t\t\t\t\t\t\t<\/div>\n\t\t\t\t<\/div>\n\t\t\t\t\t<\/div>\n\t\t\t\t<\/div>\n\t\t<div class=\"elementor-element elementor-element-a542002 e-flex e-con-boxed e-con e-child\" data-id=\"a542002\" data-element_type=\"container\" data-e-type=\"container\" data-settings=\"{&quot;background_background&quot;:&quot;classic&quot;,&quot;jet_parallax_layout_list&quot;:[]}\">\n\t\t\t\t\t<div class=\"e-con-inner\">\n\t\t\t\t\t<\/div>\n\t\t\t\t<\/div>\n\t\t\t\t<\/div>\n\t\t\t\t<\/div>\n\t\t","protected":false},"excerpt":{"rendered":"<p>EEN MIX VAN UITZONDERLIJKE OORSPRONG M\u00e1salto streeft ernaar om de allerbeste uitzonderlijke koffiebonen aan te bieden. Elke slok onthult unieke, rijke en evenwichtige aroma&#8217;s, het resultaat van een rigoureuze aanpak tijdens het hele productieproces, van het planten tot het roosteren. Met M\u00e1salto koffie willen we een onge\u00ebvenaarde koffie-ervaring cre\u00ebren, waarbij we ervoor zorgen dat elke [&hellip;]<\/p>\n","protected":false},"author":1,"featured_media":0,"parent":5091,"menu_order":0,"comment_status":"closed","ping_status":"closed","template":"","meta":{"inline_featured_image":false,"footnotes":""},"class_list":["post-5107","page","type-page","status-publish","hentry"],"_links":{"self":[{"href":"https:\/\/old.masalto.be\/nl\/wp-json\/wp\/v2\/pages\/5107","targetHints":{"allow":["GET"]}}],"collection":[{"href":"https:\/\/old.masalto.be\/nl\/wp-json\/wp\/v2\/pages"}],"about":[{"href":"https:\/\/old.masalto.be\/nl\/wp-json\/wp\/v2\/types\/page"}],"author":[{"embeddable":true,"href":"https:\/\/old.masalto.be\/nl\/wp-json\/wp\/v2\/users\/1"}],"replies":[{"embeddable":true,"href":"https:\/\/old.masalto.be\/nl\/wp-json\/wp\/v2\/comments?post=5107"}],"version-history":[{"count":4,"href":"https:\/\/old.masalto.be\/nl\/wp-json\/wp\/v2\/pages\/5107\/revisions"}],"predecessor-version":[{"id":10931,"href":"https:\/\/old.masalto.be\/nl\/wp-json\/wp\/v2\/pages\/5107\/revisions\/10931"}],"up":[{"embeddable":true,"href":"https:\/\/old.masalto.be\/nl\/wp-json\/wp\/v2\/pages\/5091"}],"wp:attachment":[{"href":"https:\/\/old.masalto.be\/nl\/wp-json\/wp\/v2\/media?parent=5107"}],"curies":[{"name":"wp","href":"https:\/\/api.w.org\/{rel}","templated":true}]}}